{"id":450,"date":"2023-06-11T19:58:31","date_gmt":"2023-06-11T17:58:31","guid":{"rendered":"https:\/\/glortex.eu\/?page_id=450"},"modified":"2023-11-11T15:14:33","modified_gmt":"2023-11-11T14:14:33","slug":"dokumenty","status":"publish","type":"page","link":"https:\/\/glortex.eu\/sk\/dokumenty\/","title":{"rendered":"Dokumenty"},"content":{"rendered":"<p>[et_pb_section fb_built=&#8220;1&#8243; admin_label=&#8220;Header&#8220; _builder_version=&#8220;4.21.0&#8243; _module_preset=&#8220;default&#8220; custom_padding=&#8220;||0px||false|false&#8220; collapsed=&#8220;on&#8220; global_colors_info=&#8220;{}&#8220;][et_pb_row _builder_version=&#8220;4.21.0&#8243; _module_preset=&#8220;default&#8220; global_colors_info=&#8220;{}&#8220;][et_pb_column type=&#8220;4_4&#8243; _builder_version=&#8220;4.21.0&#8243; _module_preset=&#8220;default&#8220; global_colors_info=&#8220;{}&#8220;][et_pb_text _builder_version=&#8220;4.23.1&#8243; _module_preset=&#8220;3e05c07b-dff5-46b3-be33-56295756b028&#8243; header_4_text_color=&#8220;gcid-b25270ff-80a4-43b3-b4f7-60812cb04374&#8243; text_orientation=&#8220;center&#8220; global_colors_info=&#8220;{%22gcid-b25270ff-80a4-43b3-b4f7-60812cb04374%22:%91%22header_4_text_color%22%93}&#8220;]<\/p>\n<h4>Dokumenty<\/h4>\n<p>[\/et_pb_text][et_pb_text _builder_version=&#8220;4.23.1&#8243; _module_preset=&#8220;09037f4f-e6de-44a0-ad46-0f2627b04cae&#8220; text_orientation=&#8220;center&#8220; global_colors_info=&#8220;{}&#8220;]<\/p>\n<h1>Certifik\u00e1ty<\/h1>\n<p>[\/et_pb_text][\/et_pb_column][\/et_pb_row][\/et_pb_section][et_pb_section fb_built=&#8220;1&#8243; admin_label=&#8220;Project&#8220; _builder_version=&#8220;4.21.0&#8243; _module_preset=&#8220;default&#8220; custom_padding=&#8220;0px|||||&#8220; locked=&#8220;off&#8220; collapsed=&#8220;on&#8220; global_colors_info=&#8220;{}&#8220;][et_pb_row _builder_version=&#8220;4.21.0&#8243; _module_preset=&#8220;default&#8220; global_colors_info=&#8220;{}&#8220;][et_pb_column type=&#8220;4_4&#8243; _builder_version=&#8220;4.21.0&#8243; _module_preset=&#8220;default&#8220; global_colors_info=&#8220;{}&#8220;][et_pb_image src=&#8220;https:\/\/glortex.eu\/wp-content\/uploads\/2023\/08\/creative-marketing-23.png&#8220; title_text=&#8220;creative-marketing-23&#8243; _builder_version=&#8220;4.23.1&#8243; _module_preset=&#8220;default&#8220; hover_enabled=&#8220;0&#8243; border_radii=&#8220;on|10px|10px|10px|10px&#8220; global_colors_info=&#8220;{}&#8220; sticky_enabled=&#8220;0&#8243;][\/et_pb_image][\/et_pb_column][\/et_pb_row][et_pb_row _builder_version=&#8220;4.21.0&#8243; _module_preset=&#8220;default&#8220; global_colors_info=&#8220;{}&#8220;][et_pb_column type=&#8220;4_4&#8243; _builder_version=&#8220;4.21.0&#8243; _module_preset=&#8220;default&#8220; global_colors_info=&#8220;{}&#8220;][et_pb_text _builder_version=&#8220;4.23.1&#8243; _module_preset=&#8220;b3e6f29c-0a7c-4f40-92c7-ab26f807760b&#8220; custom_margin=&#8220;||10px||false|false&#8220; global_colors_info=&#8220;{}&#8220;]<\/p>\n<h2>Platn\u00e9 certifik\u00e1ty<\/h2>\n<p>[\/et_pb_text][\/et_pb_column][\/et_pb_row][et_pb_row _builder_version=&#8220;4.22.1&#8243; _module_preset=&#8220;default&#8220; global_colors_info=&#8220;{}&#8220;][et_pb_column type=&#8220;4_4&#8243; _builder_version=&#8220;4.22.1&#8243; _module_preset=&#8220;default&#8220; global_colors_info=&#8220;{}&#8220;][et_pb_text _builder_version=&#8220;4.23.1&#8243; _module_preset=&#8220;default&#8220; hover_enabled=&#8220;0&#8243; locked=&#8220;off&#8220; global_colors_info=&#8220;{}&#8220; sticky_enabled=&#8220;0&#8243;]<\/p>\n<table class=\"tg\">\n<thead>\n<tr>\n<th class=\"tg-fymr\">Normy<\/th>\n<th class=\"tg-fymr\">Certifik\u00e1ty<\/th>\n<\/tr>\n<\/thead>\n<tbody>\n<tr>\n<td>EN ISO 9001:2015<\/td>\n<td><a href=\"wp-content\/uploads\/2023\/11\/S131_glortex_qms_anl_sk_en.pdf\">Certifik\u00e1t pre syst\u00e9m mana\u017e\u00e9rstva <img loading=\"lazy\" decoding=\"async\" alt=\"(opens in new tab)\" src=\"\/wp-content\/uploads\/2023\/08\/Adobe-acrobat-adobe-reader-computer-icons-pdf.png\" width=\"30\" height=\"30\" a=\"\" \/><\/a><\/td>\n<\/tr>\n<tr>\n<td>EN ISO 14001:2015<\/td>\n<td><a href=\"\/wp-content\/uploads\/2023\/11\/S131_glortex_ems_anl_sk_en.pdf\">Certifik\u00e1t pre syst\u00e9m mana\u017e\u00e9rstva <img loading=\"lazy\" decoding=\"async\" alt=\"(opens in new tab)\" src=\"\/wp-content\/uploads\/2023\/08\/Adobe-acrobat-adobe-reader-computer-icons-pdf.png\" width=\"30\" height=\"30\" a=\"\" \/><\/a><\/td>\n<\/tr>\n<\/tbody>\n<\/table>\n<p>[\/et_pb_text][\/et_pb_column][\/et_pb_row][et_pb_row column_structure=&#8220;1_2,1_2&#8243; _builder_version=&#8220;4.23.1&#8243; _module_preset=&#8220;default&#8220; global_colors_info=&#8220;{}&#8220;][et_pb_column type=&#8220;1_2&#8243; _builder_version=&#8220;4.23.1&#8243; _module_preset=&#8220;default&#8220; global_colors_info=&#8220;{}&#8220;][et_pb_gallery gallery_ids=&#8220;694,698,702,706&#8243; fullwidth=&#8220;on&#8220; _builder_version=&#8220;4.23.1&#8243; _module_preset=&#8220;default&#8220; global_colors_info=&#8220;{}&#8220;][\/et_pb_gallery][\/et_pb_column][et_pb_column type=&#8220;1_2&#8243; _builder_version=&#8220;4.23.1&#8243; _module_preset=&#8220;default&#8220; global_colors_info=&#8220;{}&#8220;][et_pb_gallery gallery_ids=&#8220;710,714,718,722&#8243; fullwidth=&#8220;on&#8220; _builder_version=&#8220;4.23.1&#8243; _module_preset=&#8220;default&#8220; global_colors_info=&#8220;{}&#8220;][\/et_pb_gallery][\/et_pb_column][\/et_pb_row][\/et_pb_section]<\/p>\n","protected":false},"excerpt":{"rendered":"<p>DokumentyCertifik\u00e1tyPlatn\u00e9 certifik\u00e1ty Normy Certifik\u00e1ty EN ISO 9001:2015 Certifik\u00e1t pre syst\u00e9m mana\u017e\u00e9rstva EN ISO 14001:2015 Certifik\u00e1t pre syst\u00e9m mana\u017e\u00e9rstva<\/p>\n","protected":false},"author":1,"featured_media":0,"parent":0,"menu_order":0,"comment_status":"closed","ping_status":"closed","template":"","meta":{"_et_pb_use_builder":"on","_et_pb_old_content":"<!-- wp:divi\/placeholder \/-->","_et_gb_content_width":"","footnotes":""},"class_list":["post-450","page","type-page","status-publish","hentry"],"yoast_head":"<!-- This site is optimized with the Yoast SEO plugin v27.4 - https:\/\/yoast.com\/product\/yoast-seo-wordpress\/ -->\n<title>Dokumenty - Glortex<\/title>\n<meta name=\"robots\" content=\"index, follow, max-snippet:-1, max-image-preview:large, max-video-preview:-1\" \/>\n<link rel=\"canonical\" href=\"https:\/\/glortex.eu\/sk\/dokumenty\/\" \/>\n<meta property=\"og:locale\" content=\"sk_SK\" \/>\n<meta property=\"og:type\" content=\"article\" \/>\n<meta property=\"og:title\" content=\"Dokumenty - Glortex\" \/>\n<meta property=\"og:description\" content=\"DokumentyCertifik\u00e1tyPlatn\u00e9 certifik\u00e1ty Normy Certifik\u00e1ty EN ISO 9001:2015 Certifik\u00e1t pre syst\u00e9m mana\u017e\u00e9rstva EN ISO 14001:2015 Certifik\u00e1t pre syst\u00e9m mana\u017e\u00e9rstva\" \/>\n<meta property=\"og:url\" content=\"https:\/\/glortex.eu\/sk\/dokumenty\/\" \/>\n<meta property=\"og:site_name\" content=\"Glortex\" \/>\n<meta property=\"article:modified_time\" content=\"2023-11-11T14:14:33+00:00\" \/>\n<meta name=\"twitter:card\" content=\"summary_large_image\" \/>\n<script type=\"application\/ld+json\" class=\"yoast-schema-graph\">{\"@context\":\"https:\\\/\\\/schema.org\",\"@graph\":[{\"@type\":\"WebPage\",\"@id\":\"https:\\\/\\\/glortex.eu\\\/sk\\\/dokumenty\\\/\",\"url\":\"https:\\\/\\\/glortex.eu\\\/sk\\\/dokumenty\\\/\",\"name\":\"Dokumenty - Glortex\",\"isPartOf\":{\"@id\":\"https:\\\/\\\/glortex.eu\\\/sk\\\/#website\"},\"datePublished\":\"2023-06-11T17:58:31+00:00\",\"dateModified\":\"2023-11-11T14:14:33+00:00\",\"breadcrumb\":{\"@id\":\"https:\\\/\\\/glortex.eu\\\/sk\\\/dokumenty\\\/#breadcrumb\"},\"inLanguage\":\"sk-SK\",\"potentialAction\":[{\"@type\":\"ReadAction\",\"target\":[\"https:\\\/\\\/glortex.eu\\\/sk\\\/dokumenty\\\/\"]}]},{\"@type\":\"BreadcrumbList\",\"@id\":\"https:\\\/\\\/glortex.eu\\\/sk\\\/dokumenty\\\/#breadcrumb\",\"itemListElement\":[{\"@type\":\"ListItem\",\"position\":1,\"name\":\"Home\",\"item\":\"https:\\\/\\\/glortex.eu\\\/sk\\\/\"},{\"@type\":\"ListItem\",\"position\":2,\"name\":\"Dokumenty\"}]},{\"@type\":\"WebSite\",\"@id\":\"https:\\\/\\\/glortex.eu\\\/sk\\\/#website\",\"url\":\"https:\\\/\\\/glortex.eu\\\/sk\\\/\",\"name\":\"Glortex\",\"description\":\"High grade, sustainable Fatty Acid Methyl Esters. Better, cleaner and safer world for future generations\",\"potentialAction\":[{\"@type\":\"SearchAction\",\"target\":{\"@type\":\"EntryPoint\",\"urlTemplate\":\"https:\\\/\\\/glortex.eu\\\/sk\\\/?s={search_term_string}\"},\"query-input\":{\"@type\":\"PropertyValueSpecification\",\"valueRequired\":true,\"valueName\":\"search_term_string\"}}],\"inLanguage\":\"sk-SK\"}]}<\/script>\n<!-- \/ Yoast SEO plugin. -->","yoast_head_json":{"title":"Dokumenty - Glortex","robots":{"index":"index","follow":"follow","max-snippet":"max-snippet:-1","max-image-preview":"max-image-preview:large","max-video-preview":"max-video-preview:-1"},"canonical":"https:\/\/glortex.eu\/sk\/dokumenty\/","og_locale":"sk_SK","og_type":"article","og_title":"Dokumenty - Glortex","og_description":"DokumentyCertifik\u00e1tyPlatn\u00e9 certifik\u00e1ty Normy Certifik\u00e1ty EN ISO 9001:2015 Certifik\u00e1t pre syst\u00e9m mana\u017e\u00e9rstva EN ISO 14001:2015 Certifik\u00e1t pre syst\u00e9m mana\u017e\u00e9rstva","og_url":"https:\/\/glortex.eu\/sk\/dokumenty\/","og_site_name":"Glortex","article_modified_time":"2023-11-11T14:14:33+00:00","twitter_card":"summary_large_image","schema":{"@context":"https:\/\/schema.org","@graph":[{"@type":"WebPage","@id":"https:\/\/glortex.eu\/sk\/dokumenty\/","url":"https:\/\/glortex.eu\/sk\/dokumenty\/","name":"Dokumenty - Glortex","isPartOf":{"@id":"https:\/\/glortex.eu\/sk\/#website"},"datePublished":"2023-06-11T17:58:31+00:00","dateModified":"2023-11-11T14:14:33+00:00","breadcrumb":{"@id":"https:\/\/glortex.eu\/sk\/dokumenty\/#breadcrumb"},"inLanguage":"sk-SK","potentialAction":[{"@type":"ReadAction","target":["https:\/\/glortex.eu\/sk\/dokumenty\/"]}]},{"@type":"BreadcrumbList","@id":"https:\/\/glortex.eu\/sk\/dokumenty\/#breadcrumb","itemListElement":[{"@type":"ListItem","position":1,"name":"Home","item":"https:\/\/glortex.eu\/sk\/"},{"@type":"ListItem","position":2,"name":"Dokumenty"}]},{"@type":"WebSite","@id":"https:\/\/glortex.eu\/sk\/#website","url":"https:\/\/glortex.eu\/sk\/","name":"Glortex","description":"High grade, sustainable Fatty Acid Methyl Esters. Better, cleaner and safer world for future generations","potentialAction":[{"@type":"SearchAction","target":{"@type":"EntryPoint","urlTemplate":"https:\/\/glortex.eu\/sk\/?s={search_term_string}"},"query-input":{"@type":"PropertyValueSpecification","valueRequired":true,"valueName":"search_term_string"}}],"inLanguage":"sk-SK"}]}},"_links":{"self":[{"href":"https:\/\/glortex.eu\/sk\/wp-json\/wp\/v2\/pages\/450","targetHints":{"allow":["GET"]}}],"collection":[{"href":"https:\/\/glortex.eu\/sk\/wp-json\/wp\/v2\/pages"}],"about":[{"href":"https:\/\/glortex.eu\/sk\/wp-json\/wp\/v2\/types\/page"}],"author":[{"embeddable":true,"href":"https:\/\/glortex.eu\/sk\/wp-json\/wp\/v2\/users\/1"}],"replies":[{"embeddable":true,"href":"https:\/\/glortex.eu\/sk\/wp-json\/wp\/v2\/comments?post=450"}],"version-history":[{"count":0,"href":"https:\/\/glortex.eu\/sk\/wp-json\/wp\/v2\/pages\/450\/revisions"}],"wp:attachment":[{"href":"https:\/\/glortex.eu\/sk\/wp-json\/wp\/v2\/media?parent=450"}],"curies":[{"name":"wp","href":"https:\/\/api.w.org\/{rel}","templated":true}]}}